{"id":11715,"date":"2024-03-26T13:49:27","date_gmt":"2024-03-26T13:49:27","guid":{"rendered":"https:\/\/markacat.com\/?post_type=product&#038;p=11715"},"modified":"2024-05-03T07:46:09","modified_gmt":"2024-05-03T07:46:09","slug":"sosyal-medya-yonetim-hizmeti","status":"publish","type":"product","link":"https:\/\/markacat.com\/en\/hizmet\/sosyal-medya-yonetim-hizmeti\/","title":{"rendered":"Sosyal Medya Y\u00f6netim Hizmeti"},"content":{"rendered":"","protected":false},"excerpt":{"rendered":"<p>Sosyal medya platformlar\u0131, g\u00fcn\u00fcm\u00fczde markalar\u0131n hedef kitlelerine ula\u015fmak ve etkile\u015fim kurmak i\u00e7in en \u00f6nemli ara\u00e7lardan biri haline gelmi\u015ftir. Sosyal Medya Y\u00f6netim Hizmetimiz ile markan\u0131z\u0131n sosyal medya hesaplar\u0131n\u0131 profesyonel bir \u015fekilde y\u00f6neterek, hedef kitlenizle daha g\u00fc\u00e7l\u00fc bir ileti\u015fim kurman\u0131za ve marka bilinirli\u011finizi art\u0131rman\u0131za yard\u0131mc\u0131 oluyoruz.<\/p>","protected":false},"featured_media":11719,"comment_status":"closed","ping_status":"closed","template":"","meta":{"om_disable_all_campaigns":false,"_uf_show_specific_survey":0,"_uf_disable_surveys":false},"product_cat":[15],"product_tag":[],"class_list":{"0":"post-11715","1":"product","2":"type-product","3":"status-publish","4":"has-post-thumbnail","6":"product_cat-uncategorized","8":"first","9":"instock","10":"sale","11":"virtual","12":"purchasable","13":"product-type-simple"},"aioseo_notices":[],"_links":{"self":[{"href":"https:\/\/markacat.com\/en\/wp-json\/wp\/v2\/product\/11715","targetHints":{"allow":["GET"]}}],"collection":[{"href":"https:\/\/markacat.com\/en\/wp-json\/wp\/v2\/product"}],"about":[{"href":"https:\/\/markacat.com\/en\/wp-json\/wp\/v2\/types\/product"}],"replies":[{"embeddable":true,"href":"https:\/\/markacat.com\/en\/wp-json\/wp\/v2\/comments?post=11715"}],"wp:featuredmedia":[{"embeddable":true,"href":"https:\/\/markacat.com\/en\/wp-json\/wp\/v2\/media\/11719"}],"wp:attachment":[{"href":"https:\/\/markacat.com\/en\/wp-json\/wp\/v2\/media?parent=11715"}],"wp:term":[{"taxonomy":"product_cat","embeddable":true,"href":"https:\/\/markacat.com\/en\/wp-json\/wp\/v2\/product_cat?post=11715"},{"taxonomy":"product_tag","embeddable":true,"href":"https:\/\/markacat.com\/en\/wp-json\/wp\/v2\/product_tag?post=11715"}],"curies":[{"name":"wp","href":"https:\/\/api.w.org\/{rel}","templated":true}]}}