{"id":4457,"date":"2023-07-12T11:13:29","date_gmt":"2023-07-12T11:13:29","guid":{"rendered":"https:\/\/lucrezia.qodeinteractive.com\/?page_id=4457"},"modified":"2025-04-28T15:44:20","modified_gmt":"2025-04-28T15:44:20","slug":"iletisim","status":"publish","type":"page","link":"https:\/\/markacat.com\/en\/iletisim\/","title":{"rendered":"contact"},"content":{"rendered":"<div data-elementor-type=\"wp-page\" data-elementor-id=\"4457\" class=\"elementor elementor-4457\">\n\t\t\t\t<div class=\"elementor-element elementor-element-299373b e-con-full e-flex e-con e-parent\" data-id=\"299373b\" data-element_type=\"container\">\n\t\t<div class=\"elementor-element elementor-element-f6eebca e-con-full e-flex e-con e-child\" data-id=\"f6eebca\" data-element_type=\"container\">\n\t\t\t\t<div class=\"elementor-element elementor-element-40c9dd3 elementor-widget__width-inherit elementor-widget elementor-widget-lucrezia_core_section_title\" data-id=\"40c9dd3\" data-element_type=\"widget\" data-widget_type=\"lucrezia_core_section_title.default\">\n\t\t\t\t<div class=\"elementor-widget-container\">\n\t\t\t\t\t<div class=\"qodef-shortcode qodef-m  qodef-section-title qodef-alignment--left  qodef-title-line--yes\">\n\t\t<h2 class=\"qodef-m-title\" >\n\t\t\t\t\taddress\t\t\t<\/h2>\n\t<\/div>\n\t\t\t\t<\/div>\n\t\t\t\t<\/div>\n\t\t\t\t<\/div>\n\t\t\t\t<\/div>\n\t\t<div class=\"elementor-element elementor-element-f99225f e-con-full qodef-elementor-content-grid e-flex e-con e-parent\" data-id=\"f99225f\" data-element_type=\"container\">\n\t\t<div class=\"elementor-element elementor-element-90c1815 e-con-full elementor-hidden-tablet elementor-hidden-mobile e-flex e-con e-child\" data-id=\"90c1815\" data-element_type=\"container\">\n\t\t\t\t<\/div>\n\t\t<div class=\"elementor-element elementor-element-2018769 e-con-full e-flex e-con e-child\" data-id=\"2018769\" data-element_type=\"container\">\n\t\t\t\t<div class=\"elementor-element elementor-element-ad84d6a elementor-widget elementor-widget-text-editor\" data-id=\"ad84d6a\" data-element_type=\"widget\" data-widget_type=\"text-editor.default\">\n\t\t\t\t<div class=\"elementor-widget-container\">\n\t\t\t\t\t\t\t\t\t<p>\u0130stanbul<\/p>\t\t\t\t\t\t\t\t<\/div>\n\t\t\t\t<\/div>\n\t\t\t\t<div class=\"elementor-element elementor-element-1d3e388 elementor-widget elementor-widget-text-editor\" data-id=\"1d3e388\" data-element_type=\"widget\" data-widget_type=\"text-editor.default\">\n\t\t\t\t<div class=\"elementor-widget-container\">\n\t\t\t\t\t\t\t\t\t<h5>Valide-i Atik, Nuhkuyusu, 73A \u00dcsk\u00fcdar\/\u0130stanbul<\/h5>\t\t\t\t\t\t\t\t<\/div>\n\t\t\t\t<\/div>\n\t\t\t\t<div class=\"elementor-element elementor-element-8ad193c elementor-widget elementor-widget-text-editor\" data-id=\"8ad193c\" data-element_type=\"widget\" data-widget_type=\"text-editor.default\">\n\t\t\t\t<div class=\"elementor-widget-container\">\n\t\t\t\t\t\t\t\t\t<h5><a href=\"tel: 905346418465\">+90 (534) 641 84 65<\/a><\/h5>\n<a style=\"font-family: Poppins, sans-serif; font-size: 24px; font-weight: 600; letter-spacing: -0.02em; text-transform: lowercase; text-align: var(--text-align);\" href=\"mailto:hello@markacat.com\">hello@markacat.com<\/a>\t\t\t\t\t\t\t\t<\/div>\n\t\t\t\t<\/div>\n\t\t\t\t<div class=\"elementor-element elementor-element-477b33b elementor-widget elementor-widget-qi_addons_for_elementor_button\" data-id=\"477b33b\" data-element_type=\"widget\" data-widget_type=\"qi_addons_for_elementor_button.default\">\n\t\t\t\t<div class=\"elementor-widget-container\">\n\t\t\t\t\t<a class=\"qodef-shortcode qodef-m qodef-qi-button qodef-html--link qodef-layout--filled qodef-type--standard qodef-size--small qodef-icon--right qodef-hover--icon-move-horizontal-short\" href=\"#formbirak\" target=\"_self\">\n\t<span class=\"qodef-m-text\">contact form<\/span>\n\t<\/a>\n\t\t\t\t<\/div>\n\t\t\t\t<\/div>\n\t\t\t\t<\/div>\n\t\t\t\t<\/div>\n\t\t<div class=\"elementor-element elementor-element-1fab0fc e-con-full e-flex e-con e-parent\" data-id=\"1fab0fc\" data-element_type=\"container\">\n\t\t\t\t<div class=\"elementor-element elementor-element-8b80ca2 elementor-widget elementor-widget-html\" data-id=\"8b80ca2\" data-element_type=\"widget\" data-widget_type=\"html.default\">\n\t\t\t\t<div class=\"elementor-widget-container\">\n\t\t\t\t\t<!-- Harita konteyneri -->\r\n\r\n<div id=\"map\" style=\"height: 400px;\"><\/div>\r\n\r\n\r\n<!-- Google Haritalar API'sini y\u00fckleme -->\r\n\r\n<script src=\"https:\/\/maps.googleapis.com\/maps\/api\/js?key=AIzaSyDon6ni_3F8P3qFwjKi6DYQCv5B5ypLqsM&callback=initMap\" defer><\/script>\r\n\r\n\r\n\r\n<!-- Harita ve i\u015faretleyici olu\u015fturan JavaScript kodu -->\r\n\r\n<script>\r\n\r\n \/\/ Harita olu\u015fturma fonksiyonu\r\n\r\n function initMap() {\r\n\r\n  \/\/ Harita olu\u015ftur\r\n\r\n  var map = new google.maps.Map(document.getElementById(\"map\"), {\r\n\r\n   center: { lat: 41.0199381, lng: 29.0452565 },\r\n\r\n   zoom: 12,\r\n\r\n  });\r\n\r\n\r\n\r\n  \/\/ \u00d6zel i\u015faretleyici olu\u015ftur\r\n\r\n  var marker = new google.maps.Marker({\r\n\r\n   position: { lat: 41.0155564, lng: 29.0286627 },\r\n\r\n   map: map,\r\n\r\n   title: \"Markacat Dijital Reklam Ajans\u0131\",\r\n\r\n   icon: \"https:\/\/markacat.com\/wp-content\/uploads\/2024\/01\/marker-markacat.png\", \/\/ \u00d6zel pin ikonu i\u00e7in URL\r\n\r\n  });\r\n\r\n\r\n\r\n  \/\/ Harita konteynerine siyah-beyaz filtre uygula\r\n\r\n  document.getElementById(\"map\").style.filter = \"grayscale(100%)\";\r\n\r\n }\r\n\r\n<\/script>\r\n\r\n\t\t\t\t<\/div>\n\t\t\t\t<\/div>\n\t\t\t\t<\/div>\n\t\t<div class=\"elementor-element elementor-element-e991609 e-con-full qodef-elementor-content-grid e-flex e-con e-parent\" data-id=\"e991609\" data-element_type=\"container\">\n\t\t\t\t<div class=\"elementor-element elementor-element-54bbfdf elementor-widget elementor-widget-menu-anchor\" data-id=\"54bbfdf\" data-element_type=\"widget\" data-widget_type=\"menu-anchor.default\">\n\t\t\t\t<div class=\"elementor-widget-container\">\n\t\t\t\t\t\t\t<div class=\"elementor-menu-anchor\" id=\"formbirak\"><\/div>\n\t\t\t\t\t\t<\/div>\n\t\t\t\t<\/div>\n\t\t\t\t<div class=\"elementor-element elementor-element-d84ab60 elementor-widget elementor-widget-text-editor\" data-id=\"d84ab60\" data-element_type=\"widget\" data-widget_type=\"text-editor.default\">\n\t\t\t\t<div class=\"elementor-widget-container\">\n\t\t\t\t\t\t\t\t\t<h1>get in touch!<\/h1>\t\t\t\t\t\t\t\t<\/div>\n\t\t\t\t<\/div>\n\t\t\t\t<div class=\"elementor-element elementor-element-79c7522 elementor-widget elementor-widget-text-editor\" data-id=\"79c7522\" data-element_type=\"widget\" data-widget_type=\"text-editor.default\">\n\t\t\t\t<div class=\"elementor-widget-container\">\n\t\t\t\t\t\t\t\t\t<p>we\u2019re just a form away for all your questions.<\/p>\t\t\t\t\t\t\t\t<\/div>\n\t\t\t\t<\/div>\n\t\t\t\t<\/div>\n\t\t<div class=\"elementor-element elementor-element-da365ac e-con-full qodef-elementor-content-grid e-flex e-con e-parent\" data-id=\"da365ac\" data-element_type=\"container\">\n\t\t\t\t<div class=\"elementor-element elementor-element-61900d9 elementor-widget__width-initial elementor-widget elementor-widget-wp-widget-lucrezia_core_contact_form_7\" data-id=\"61900d9\" data-element_type=\"widget\" data-widget_type=\"wp-widget-lucrezia_core_contact_form_7.default\">\n\t\t\t\t<div class=\"elementor-widget-container\">\n\t\t\t\t\t\t\t\t<div class=\"qodef-contact-form-7\">\n\t\t\t\t\n<div class=\"wpcf7 no-js\" id=\"wpcf7-f3109-o1\" lang=\"en-US\" dir=\"ltr\">\n<div class=\"screen-reader-response\"><p role=\"status\" aria-live=\"polite\" aria-atomic=\"true\"><\/p> <ul><\/ul><\/div>\n<form action=\"\/en\/wp-json\/wp\/v2\/pages\/4457#wpcf7-f3109-o1\" method=\"post\" class=\"wpcf7-form init\" aria-label=\"Contact form\" novalidate=\"novalidate\" data-status=\"init\" data-trp-original-action=\"\/en\/wp-json\/wp\/v2\/pages\/4457#wpcf7-f3109-o1\">\n<div style=\"display: none;\">\n<input type=\"hidden\" name=\"_wpcf7\" value=\"3109\" \/>\n<input type=\"hidden\" name=\"_wpcf7_version\" value=\"5.8.7\" \/>\n<input type=\"hidden\" name=\"_wpcf7_locale\" value=\"en_US\" \/>\n<input type=\"hidden\" name=\"_wpcf7_unit_tag\" value=\"wpcf7-f3109-o1\" \/>\n<input type=\"hidden\" name=\"_wpcf7_container_post\" value=\"0\" \/>\n<input type=\"hidden\" name=\"_wpcf7_posted_data_hash\" value=\"\" \/>\n<input type=\"hidden\" name=\"_wpcf7_recaptcha_response\" value=\"\" \/>\n<\/div>\n<div class=\"qodef-contact-form\">\n\n<div>\n\n<span class=\"wpcf7-form-control-wrap\" data-name=\"your-name\"><input size=\"40\" class=\"wpcf7-form-control wpcf7-text wpcf7-validates-as-required\" autocomplete=\"name\" aria-required=\"true\" aria-invalid=\"false\" placeholder=\"ad\u0131n\u0131z ve soyad\u0131z\" value=\"\" type=\"text\" name=\"your-name\" \/><\/span>\n<\/div>\n\n<div>\n\n<span class=\"wpcf7-form-control-wrap\" data-name=\"tel-933\"><input class=\"wpcf7-form-control wpcf7-number wpcf7-validates-as-required wpcf7-validates-as-number\" autocomplete=\"tel\" aria-required=\"true\" aria-invalid=\"false\" placeholder=\"telefon\" value=\"\" type=\"number\" name=\"tel-933\" \/><\/span>\n\n<span class=\"wpcf7-form-control-wrap\" data-name=\"your-email\"><input size=\"40\" class=\"wpcf7-form-control wpcf7-email wpcf7-validates-as-required wpcf7-text wpcf7-validates-as-email\" autocomplete=\"email\" aria-required=\"true\" aria-invalid=\"false\" placeholder=\"e-posta\" value=\"\" type=\"email\" name=\"your-email\" \/><\/span>\n\n<\/div>\n<span class=\"wpcf7-form-control-wrap\" data-name=\"your-name\"><input size=\"40\" class=\"wpcf7-form-control wpcf7-text wpcf7-validates-as-required\" aria-required=\"true\" aria-invalid=\"false\" placeholder=\"firma-marka veya sekt\u00f6r\" value=\"\" type=\"text\" name=\"your-name\" \/><\/span>\n<span class=\"wpcf7-form-control-wrap\" data-name=\"dropdown-menu\"><select class=\"wpcf7-form-control wpcf7-select dropdown\" id=\"konu\" aria-invalid=\"false\" name=\"dropdown-menu\"><option value=\"Konu\">Konu<\/option><option value=\"Sosyal Medya Y\u00f6netimi\">social media management<\/option><option value=\"Dijital Pazarlama\">digital marketing<\/option><option value=\"Mobil App\">mobil app development<\/option><option value=\"Web Tasar\u0131m\u0131\">web design<\/option><option value=\"3D Animasyon\">3D Animasyon<\/option><option value=\"3D Karakter Tasar\u0131m\u0131\">3D Karakter Tasar\u0131m\u0131<\/option><option value=\"2D Animasyon\">2D Animasyon<\/option><option value=\"2D Karakter Tasar\u0131m\u0131\">2D Karakter Tasar\u0131m\u0131<\/option><option value=\"End\u00fcstriyel 3D Modelleme\">End\u00fcstriyel 3D Modelleme<\/option><option value=\"Prod\u00fcksiyon\">production<\/option><option value=\"Post Prod\u00fcksiyon\">Post Prod\u00fcksiyon<\/option><option value=\"Kurumsal Kimlik\">Kurumsal Kimlik<\/option><option value=\"Di\u011fer\">Di\u011fer<\/option><\/select><\/span>\n\n\n<div>\n\n<span class=\"wpcf7-form-control-wrap\" data-name=\"your-message\"><textarea cols=\"40\" rows=\"10\" class=\"wpcf7-form-control wpcf7-textarea\" aria-invalid=\"false\" placeholder=\"mesaj\u0131n\u0131z veya istekleriniz\" name=\"your-message\"><\/textarea><\/span>\n\n<\/div>\n\n<button type='submit' class=\"qodef-shortcode qodef-m  qodef-button qodef-layout--textual  qodef-html--link\">\n\n<span class=\"qodef-m-text\">g\u00f6nder<\/span>\n\n<\/button>\n\n<\/div><div class=\"wpcf7-response-output\" aria-hidden=\"true\"><\/div>\n<input type=\"hidden\" name=\"trp-form-language\" value=\"en\"\/><\/form>\n<\/div>\n\t\t\t<\/div>\n\t\t\t\t\t\t\t<\/div>\n\t\t\t\t<\/div>\n\t\t\t\t<\/div>\n\t\t\t\t<\/div>","protected":false},"excerpt":{"rendered":"<p>adres \u0130stanbul Valide-i Atik, Nuhkuyusu, 73A \u00dcsk\u00fcdar\/\u0130stanbul +90 (534) 641 84 65 hello@markacat.com Form B\u0131rak \u0130leti\u015fime ge\u00e7in! akl\u0131n\u0131zdaki t\u00fcm sorular i\u00e7in bir form kadar uza\u011f\u0131n\u0131zday\u0131z.<\/p>","protected":false},"author":1,"featured_media":0,"parent":0,"menu_order":0,"comment_status":"closed","ping_status":"closed","template":"page-full-width.php","meta":{"om_disable_all_campaigns":false,"_uf_show_specific_survey":0,"_uf_disable_surveys":false,"footnotes":""},"class_list":["post-4457","page","type-page","status-publish","hentry"],"aioseo_notices":[],"_links":{"self":[{"href":"https:\/\/markacat.com\/en\/wp-json\/wp\/v2\/pages\/4457","targetHints":{"allow":["GET"]}}],"collection":[{"href":"https:\/\/markacat.com\/en\/wp-json\/wp\/v2\/pages"}],"about":[{"href":"https:\/\/markacat.com\/en\/wp-json\/wp\/v2\/types\/page"}],"author":[{"embeddable":true,"href":"https:\/\/markacat.com\/en\/wp-json\/wp\/v2\/users\/1"}],"replies":[{"embeddable":true,"href":"https:\/\/markacat.com\/en\/wp-json\/wp\/v2\/comments?post=4457"}],"version-history":[{"count":56,"href":"https:\/\/markacat.com\/en\/wp-json\/wp\/v2\/pages\/4457\/revisions"}],"predecessor-version":[{"id":12802,"href":"https:\/\/markacat.com\/en\/wp-json\/wp\/v2\/pages\/4457\/revisions\/12802"}],"wp:attachment":[{"href":"https:\/\/markacat.com\/en\/wp-json\/wp\/v2\/media?parent=4457"}],"curies":[{"name":"wp","href":"https:\/\/api.w.org\/{rel}","templated":true}]}}