{"id":3596,"date":"2023-07-11T07:54:06","date_gmt":"2023-07-11T07:54:06","guid":{"rendered":"https:\/\/lucrezia.qodeinteractive.com\/?page_id=3596"},"modified":"2024-03-18T14:34:55","modified_gmt":"2024-03-18T14:34:55","slug":"hakkimizda","status":"publish","type":"page","link":"https:\/\/markacat.com\/en\/hakkimizda\/","title":{"rendered":"about us"},"content":{"rendered":"<div data-elementor-type=\"wp-page\" data-elementor-id=\"3596\" class=\"elementor elementor-3596\">\n\t\t\t\t<div class=\"elementor-element elementor-element-2004598 e-con-full e-flex e-con e-parent\" data-id=\"2004598\" data-element_type=\"container\" data-settings=\"{&quot;background_background&quot;:&quot;classic&quot;}\">\n\t\t\t\t<\/div>\n\t\t<div class=\"elementor-element elementor-element-fa487a7 e-flex e-con-boxed e-con e-parent\" data-id=\"fa487a7\" data-element_type=\"container\">\n\t\t\t\t\t<div class=\"e-con-inner\">\n\t\t\t\t<div class=\"elementor-element elementor-element-f00508d elementor-widget elementor-widget-text-editor\" data-id=\"f00508d\" data-element_type=\"widget\" data-widget_type=\"text-editor.default\">\n\t\t\t\t<div class=\"elementor-widget-container\">\n\t\t\t\t\t\t\t\t\t<h1 style=\"font-size: 21px; line-height: 30px;\">We're here to add value to brands in the digital realm.<\/h1>\n<p data-sourcepos=\"43:1-43:213\">Markacat is a digital agency aiming to add value to brands\u00a0in the digital\u00a0world. By enhancing digital presence and brand value, we ensure your brand becomes more visible and preferred in the digital space.&nbsp;<span style=\"background-color: rgb(255, 255, 255); color: var( --e-global-color-text );\">dijital<\/span><span style=\"color: var( --e-global-color-text );\">&nbsp;We help your brand reflect its unique identity in the digital world as well. In line with this, we generate original and creative solutions that push the boundaries in the digital realm. We design creative and fun projects for your brand with the agility of our cat spirit. We harness the adorable and playful character of cats to convey your brand's messages more effectively.<\/span><\/p>\t\t\t\t\t\t\t\t<\/div>\n\t\t\t\t<\/div>\n\t\t\t\t<div class=\"elementor-element elementor-element-15b60b4 elementor-widget__width-initial elementor-widget elementor-widget-lucrezia_core_custom_font\" data-id=\"15b60b4\" data-element_type=\"widget\" data-widget_type=\"lucrezia_core_custom_font.default\">\n\t\t\t\t<div class=\"elementor-widget-container\">\n\t\t\t\t\t<h1 class=\"qodef-shortcode qodef-m  qodef-custom-font qodef-custom-font-450 qodef-layout--simple qodef-alignment--center  qodef--has-hover\" style=\"font-size: 70px\">\n\t\t<a itemprop=\"url\" href=\"https:\/\/markacat.com\/en\/iletisim\/\" target=\"_self\">\n\t\t\t\t\t\tget in touch\t\t\t\t<\/a>\n\t<\/h1>\n\t\t\t\t<\/div>\n\t\t\t\t<\/div>\n\t\t\t\t\t<\/div>\n\t\t\t\t<\/div>\n\t\t\t\t<\/div>","protected":false},"excerpt":{"rendered":"<p>Markalara dijital evrende de\u011fer katmak i\u00e7in buraday\u0131z. MarkaCat, dijital evrende markalara de\u011fer katmay\u0131 hedefleyen&nbsp;dijital&nbsp;bir&nbsp; ajanst\u0131r. Markalar\u0131m\u0131z\u0131n dijital varl\u0131\u011f\u0131n\u0131 ve marka de\u011ferini art\u0131rarak, dijital evrende daha g\u00f6r\u00fcn\u00fcr ve tercih edilir olmalar\u0131n\u0131 sa\u011fl\u0131yoruz. Markalar\u0131m\u0131z\u0131n \u00f6zg\u00fcn kimliklerini dijital evrende de yans\u0131tmalar\u0131na yard\u0131mc\u0131 oluyoruz. Bu do\u011frultuda, dijital evrende s\u0131n\u0131rlar\u0131n\u0131 zorlayan, \u00f6zg\u00fcn ve yarat\u0131c\u0131 \u00e7\u00f6z\u00fcmler \u00fcretiyoruz. Markalar\u0131m\u0131z i\u00e7in kedi ruhumuzun [&hellip;]<\/p>","protected":false},"author":1,"featured_media":0,"parent":0,"menu_order":0,"comment_status":"closed","ping_status":"closed","template":"page-full-width.php","meta":{"om_disable_all_campaigns":false,"_uf_show_specific_survey":0,"_uf_disable_surveys":false,"footnotes":""},"class_list":["post-3596","page","type-page","status-publish","hentry"],"aioseo_notices":[],"_links":{"self":[{"href":"https:\/\/markacat.com\/en\/wp-json\/wp\/v2\/pages\/3596","targetHints":{"allow":["GET"]}}],"collection":[{"href":"https:\/\/markacat.com\/en\/wp-json\/wp\/v2\/pages"}],"about":[{"href":"https:\/\/markacat.com\/en\/wp-json\/wp\/v2\/types\/page"}],"author":[{"embeddable":true,"href":"https:\/\/markacat.com\/en\/wp-json\/wp\/v2\/users\/1"}],"replies":[{"embeddable":true,"href":"https:\/\/markacat.com\/en\/wp-json\/wp\/v2\/comments?post=3596"}],"version-history":[{"count":68,"href":"https:\/\/markacat.com\/en\/wp-json\/wp\/v2\/pages\/3596\/revisions"}],"predecessor-version":[{"id":11705,"href":"https:\/\/markacat.com\/en\/wp-json\/wp\/v2\/pages\/3596\/revisions\/11705"}],"wp:attachment":[{"href":"https:\/\/markacat.com\/en\/wp-json\/wp\/v2\/media?parent=3596"}],"curies":[{"name":"wp","href":"https:\/\/api.w.org\/{rel}","templated":true}]}}