{"id":11687,"date":"2024-03-12T08:10:29","date_gmt":"2024-03-12T08:10:29","guid":{"rendered":"https:\/\/markacat.com\/?page_id=11687"},"modified":"2024-03-12T08:15:28","modified_gmt":"2024-03-12T08:15:28","slug":"tesekkurler","status":"publish","type":"page","link":"https:\/\/markacat.com\/en\/tesekkurler\/","title":{"rendered":"Te\u015fekk\u00fcrler"},"content":{"rendered":"<div data-elementor-type=\"wp-page\" data-elementor-id=\"11687\" class=\"elementor elementor-11687\">\n\t\t\t\t<div class=\"elementor-element elementor-element-c1940cf e-flex e-con-boxed e-con e-parent\" data-id=\"c1940cf\" data-element_type=\"container\">\n\t\t\t\t\t<div class=\"e-con-inner\">\n\t\t\t\t<div class=\"elementor-element elementor-element-0e4c618 elementor-widget elementor-widget-qi_addons_for_elementor_section_title\" data-id=\"0e4c618\" data-element_type=\"widget\" data-widget_type=\"qi_addons_for_elementor_section_title.default\">\n\t\t\t\t<div class=\"elementor-widget-container\">\n\t\t\t\t\t<div class=\"qodef-shortcode qodef-m qodef-qi-section-title qodef-decoration--italic qodef-link--underline-draw qodef-subtitle-icon--left\">\n\t\t\t\t<h5 class=\"qodef-m-subtitle\">\n\t\tMesaj\u0131n\u0131z Bize Ula\u015ft\u0131\t\t\t<\/h5>\n\t\t\t<h2 class=\"qodef-m-title\">\n\t\tTe\u015fekk\u00fcrler\t<\/h2>\n\t\t\t<div class=\"qodef-m-text\"><p>Mesaj\u0131n\u0131z bize ula\u015ft\u0131. En k\u0131sa s\u00fcrede sizinle ileti\u015fime ge\u00e7ece\u011fiz. Dilerseniz Whatsapp hatt\u0131m\u0131z \u00fczerinden bize daha h\u0131zl\u0131 ula\u015fabilirsiniz.\u00a0<\/p><\/div>\n\t<\/div>\n\t\t\t\t<\/div>\n\t\t\t\t<\/div>\n\t\t\t\t<div class=\"elementor-element elementor-element-3db85a2 elementor-widget elementor-widget-image\" data-id=\"3db85a2\" data-element_type=\"widget\" data-widget_type=\"image.default\">\n\t\t\t\t<div class=\"elementor-widget-container\">\n\t\t\t\t\t\t\t\t\t\t\t\t\t\t\t<img fetchpriority=\"high\" decoding=\"async\" width=\"1024\" height=\"174\" src=\"https:\/\/markacat.com\/wp-content\/uploads\/2024\/01\/kedi-b-1024x174.jpg\" class=\"attachment-large size-large wp-image-9417\" alt=\"\" srcset=\"https:\/\/markacat.com\/wp-content\/uploads\/2024\/01\/kedi-b-1024x174.jpg 1024w, https:\/\/markacat.com\/wp-content\/uploads\/2024\/01\/kedi-b-600x102.jpg 600w, https:\/\/markacat.com\/wp-content\/uploads\/2024\/01\/kedi-b-300x51.jpg 300w, https:\/\/markacat.com\/wp-content\/uploads\/2024\/01\/kedi-b-768x131.jpg 768w, https:\/\/markacat.com\/wp-content\/uploads\/2024\/01\/kedi-b-1536x262.jpg 1536w, https:\/\/markacat.com\/wp-content\/uploads\/2024\/01\/kedi-b.jpg 1820w\" sizes=\"(max-width: 1024px) 100vw, 1024px\" \/>\t\t\t\t\t\t\t\t\t\t\t\t\t\t\t<\/div>\n\t\t\t\t<\/div>\n\t\t\t\t\t<\/div>\n\t\t\t\t<\/div>\n\t\t\t\t<\/div>","protected":false},"excerpt":{"rendered":"<p>Mesaj\u0131n\u0131z Bize Ula\u015ft\u0131 Te\u015fekk\u00fcrler Mesaj\u0131n\u0131z bize ula\u015ft\u0131. En k\u0131sa s\u00fcrede sizinle ileti\u015fime ge\u00e7ece\u011fiz. Dilerseniz Whatsapp hatt\u0131m\u0131z \u00fczerinden bize daha h\u0131zl\u0131 ula\u015fabilirsiniz.\u00a0<\/p>","protected":false},"author":1,"featured_media":0,"parent":0,"menu_order":0,"comment_status":"closed","ping_status":"closed","template":"","meta":{"om_disable_all_campaigns":false,"_uf_show_specific_survey":0,"_uf_disable_surveys":false,"footnotes":""},"class_list":["post-11687","page","type-page","status-publish","hentry"],"aioseo_notices":[],"_links":{"self":[{"href":"https:\/\/markacat.com\/en\/wp-json\/wp\/v2\/pages\/11687","targetHints":{"allow":["GET"]}}],"collection":[{"href":"https:\/\/markacat.com\/en\/wp-json\/wp\/v2\/pages"}],"about":[{"href":"https:\/\/markacat.com\/en\/wp-json\/wp\/v2\/types\/page"}],"author":[{"embeddable":true,"href":"https:\/\/markacat.com\/en\/wp-json\/wp\/v2\/users\/1"}],"replies":[{"embeddable":true,"href":"https:\/\/markacat.com\/en\/wp-json\/wp\/v2\/comments?post=11687"}],"version-history":[{"count":4,"href":"https:\/\/markacat.com\/en\/wp-json\/wp\/v2\/pages\/11687\/revisions"}],"predecessor-version":[{"id":11691,"href":"https:\/\/markacat.com\/en\/wp-json\/wp\/v2\/pages\/11687\/revisions\/11691"}],"wp:attachment":[{"href":"https:\/\/markacat.com\/en\/wp-json\/wp\/v2\/media?parent=11687"}],"curies":[{"name":"wp","href":"https:\/\/api.w.org\/{rel}","templated":true}]}}