{"id":10861,"date":"2024-02-12T11:38:40","date_gmt":"2024-02-12T11:38:40","guid":{"rendered":"https:\/\/markacat.com\/?page_id=10861"},"modified":"2024-04-17T07:55:25","modified_gmt":"2024-04-17T07:55:25","slug":"3d-ve-2d-animasyon-video-tasarimlari","status":"publish","type":"page","link":"https:\/\/markacat.com\/en\/3d-ve-2d-animasyon-video-tasarimlari\/","title":{"rendered":"3d \u2013 2d animations"},"content":{"rendered":"<div data-elementor-type=\"wp-page\" data-elementor-id=\"10861\" class=\"elementor elementor-10861\">\n\t\t\t\t<div class=\"elementor-element elementor-element-ffb1f4b e-flex e-con-boxed e-con e-parent\" data-id=\"ffb1f4b\" data-element_type=\"container\">\n\t\t\t\t\t<div class=\"e-con-inner\">\n\t\t\t\t<div class=\"elementor-element elementor-element-2e5232c elementor-widget elementor-widget-heading\" data-id=\"2e5232c\" data-element_type=\"widget\" data-widget_type=\"heading.default\">\n\t\t\t\t<div class=\"elementor-widget-container\">\n\t\t\t\t\t<h1 class=\"elementor-heading-title elementor-size-default\">3d \u2013 2d animations<\/h1>\t\t\t\t<\/div>\n\t\t\t\t<\/div>\n\t\t\t\t<div class=\"elementor-element elementor-element-6eb1aa9 elementor-widget elementor-widget-text-editor\" data-id=\"6eb1aa9\" data-element_type=\"widget\" data-widget_type=\"text-editor.default\">\n\t\t\t\t<div class=\"elementor-widget-container\">\n\t\t\t\t\t\t\t\t\t<p style=\"text-align: center;\" data-sourcepos=\"3:1-3:26\">3D and 2D animation videos are visual tools that have seen increasing use in various fields in recent years, providing viewers with an impressive experience. 3D animation videos are preferred in product presentations, educational videos, commercials, animations, character design, and many other fields.<\/p><p style=\"text-align: center;\" data-sourcepos=\"5:1-5:2\"><strong>At MarkaCat Digital, we offer creative and original 3D and 2D animation video design services tailored to every industry and budget.<\/strong> Our expert team uses the latest technology to turn your visions into reality, designing custom animation videos tailored specifically to you.<\/p><p style=\"text-align: center;\" data-sourcepos=\"5:1-5:2\">\u00a0<\/p><p style=\"text-align: center;\" data-sourcepos=\"5:1-5:2\">\u00a0<\/p>\t\t\t\t\t\t\t\t<\/div>\n\t\t\t\t<\/div>\n\t\t\t\t\t<\/div>\n\t\t\t\t<\/div>\n\t\t<div class=\"elementor-element elementor-element-d71998a e-con-full e-flex e-con e-parent\" data-id=\"d71998a\" data-element_type=\"container\">\n\t\t<div class=\"elementor-element elementor-element-e823620 e-con-full e-flex e-con e-child\" data-id=\"e823620\" data-element_type=\"container\">\n\t\t\t\t<div class=\"elementor-element elementor-element-c3b75f9 elementor-widget elementor-widget-video\" data-id=\"c3b75f9\" data-element_type=\"widget\" data-settings=\"{&quot;youtube_url&quot;:&quot;https:\\\/\\\/youtu.be\\\/l3xMNgprjL8?si=eOMnDLv0NduY7ryk&quot;,&quot;video_type&quot;:&quot;youtube&quot;}\" data-widget_type=\"video.default\">\n\t\t\t\t<div class=\"elementor-widget-container\">\n\t\t\t\t\t\t\t<div class=\"elementor-wrapper elementor-open-inline\">\n\t\t\t<div class=\"elementor-video\"><\/div>\t\t<\/div>\n\t\t\t\t\t\t<\/div>\n\t\t\t\t<\/div>\n\t\t\t\t<div class=\"elementor-element elementor-element-00668fb elementor-widget elementor-widget-video\" data-id=\"00668fb\" data-element_type=\"widget\" data-settings=\"{&quot;youtube_url&quot;:&quot;https:\\\/\\\/youtu.be\\\/1zA_nqBtIdY?si=zlltwKFUQITpFMOo&quot;,&quot;video_type&quot;:&quot;youtube&quot;}\" data-widget_type=\"video.default\">\n\t\t\t\t<div class=\"elementor-widget-container\">\n\t\t\t\t\t\t\t<div class=\"elementor-wrapper elementor-open-inline\">\n\t\t\t<div class=\"elementor-video\"><\/div>\t\t<\/div>\n\t\t\t\t\t\t<\/div>\n\t\t\t\t<\/div>\n\t\t\t\t<div class=\"elementor-element elementor-element-0184444 elementor-widget elementor-widget-video\" data-id=\"0184444\" data-element_type=\"widget\" data-settings=\"{&quot;youtube_url&quot;:&quot;https:\\\/\\\/www.youtube.com\\\/watch?v=-zrVkqYxz64&quot;,&quot;video_type&quot;:&quot;youtube&quot;}\" data-widget_type=\"video.default\">\n\t\t\t\t<div class=\"elementor-widget-container\">\n\t\t\t\t\t\t\t<div class=\"elementor-wrapper elementor-open-inline\">\n\t\t\t<div class=\"elementor-video\"><\/div>\t\t<\/div>\n\t\t\t\t\t\t<\/div>\n\t\t\t\t<\/div>\n\t\t\t\t<div class=\"elementor-element elementor-element-1007f52 elementor-widget elementor-widget-video\" data-id=\"1007f52\" data-element_type=\"widget\" data-settings=\"{&quot;youtube_url&quot;:&quot;https:\\\/\\\/youtu.be\\\/LHTziXzR_CE?si=Ry52NHGorjPxfCTO&quot;,&quot;video_type&quot;:&quot;youtube&quot;}\" data-widget_type=\"video.default\">\n\t\t\t\t<div class=\"elementor-widget-container\">\n\t\t\t\t\t\t\t<div class=\"elementor-wrapper elementor-open-inline\">\n\t\t\t<div class=\"elementor-video\"><\/div>\t\t<\/div>\n\t\t\t\t\t\t<\/div>\n\t\t\t\t<\/div>\n\t\t\t\t<\/div>\n\t\t<div class=\"elementor-element elementor-element-056e648 e-con-full e-flex e-con e-child\" data-id=\"056e648\" data-element_type=\"container\">\n\t\t\t\t<div class=\"elementor-element elementor-element-7d46e8b elementor-widget elementor-widget-video\" data-id=\"7d46e8b\" data-element_type=\"widget\" data-settings=\"{&quot;youtube_url&quot;:&quot;https:\\\/\\\/youtu.be\\\/APAf00k3x_U?si=BfqA0O9nG2dy-Mzv&quot;,&quot;video_type&quot;:&quot;youtube&quot;}\" data-widget_type=\"video.default\">\n\t\t\t\t<div class=\"elementor-widget-container\">\n\t\t\t\t\t\t\t<div class=\"elementor-wrapper elementor-open-inline\">\n\t\t\t<div class=\"elementor-video\"><\/div>\t\t<\/div>\n\t\t\t\t\t\t<\/div>\n\t\t\t\t<\/div>\n\t\t\t\t<div class=\"elementor-element elementor-element-2fe4ea2 elementor-widget elementor-widget-video\" data-id=\"2fe4ea2\" data-element_type=\"widget\" data-settings=\"{&quot;youtube_url&quot;:&quot;https:\\\/\\\/www.youtube.com\\\/watch?v=CzBLCeAccRw&amp;t=31s&quot;,&quot;video_type&quot;:&quot;youtube&quot;}\" data-widget_type=\"video.default\">\n\t\t\t\t<div class=\"elementor-widget-container\">\n\t\t\t\t\t\t\t<div class=\"elementor-wrapper elementor-open-inline\">\n\t\t\t<div class=\"elementor-video\"><\/div>\t\t<\/div>\n\t\t\t\t\t\t<\/div>\n\t\t\t\t<\/div>\n\t\t\t\t<div class=\"elementor-element elementor-element-8855cfb elementor-widget elementor-widget-video\" data-id=\"8855cfb\" data-element_type=\"widget\" data-settings=\"{&quot;youtube_url&quot;:&quot;https:\\\/\\\/www.youtube.com\\\/watch?v=Ob8b8NnhPa0&quot;,&quot;video_type&quot;:&quot;youtube&quot;}\" data-widget_type=\"video.default\">\n\t\t\t\t<div class=\"elementor-widget-container\">\n\t\t\t\t\t\t\t<div class=\"elementor-wrapper elementor-open-inline\">\n\t\t\t<div class=\"elementor-video\"><\/div>\t\t<\/div>\n\t\t\t\t\t\t<\/div>\n\t\t\t\t<\/div>\n\t\t\t\t<\/div>\n\t\t\t\t<\/div>\n\t\t<div class=\"elementor-element elementor-element-0fe1f55 e-con-full e-flex e-con e-parent\" data-id=\"0fe1f55\" data-element_type=\"container\">\n\t\t\t\t<div class=\"elementor-element elementor-element-bc30e00 elementor-widget elementor-widget-video\" data-id=\"bc30e00\" data-element_type=\"widget\" data-settings=\"{&quot;video_type&quot;:&quot;hosted&quot;,&quot;start&quot;:0,&quot;autoplay&quot;:&quot;yes&quot;,&quot;play_on_mobile&quot;:&quot;yes&quot;,&quot;mute&quot;:&quot;yes&quot;,&quot;loop&quot;:&quot;yes&quot;,&quot;controls&quot;:&quot;yes&quot;}\" data-widget_type=\"video.default\">\n\t\t\t\t<div class=\"elementor-widget-container\">\n\t\t\t\t\t\t\t<div class=\"e-hosted-video elementor-wrapper elementor-open-inline\">\n\t\t\t\t\t<video class=\"elementor-video\" src=\"https:\/\/markacat.com\/wp-content\/uploads\/2024\/01\/dude-hey.mp4\" autoplay=\"\" loop=\"\" controls=\"\" muted=\"muted\" playsinline=\"\" poster=\"https:\/\/markacat.com\/wp-content\/uploads\/2024\/03\/dude.jpg\"><\/video>\n\t\t\t\t<\/div>\n\t\t\t\t\t\t<\/div>\n\t\t\t\t<\/div>\n\t\t\t\t<\/div>\n\t\t<div class=\"elementor-element elementor-element-a816f08 e-con-full e-flex e-con e-parent\" data-id=\"a816f08\" data-element_type=\"container\">\n\t\t<div class=\"elementor-element elementor-element-7730666 e-con-full e-flex e-con e-child\" data-id=\"7730666\" data-element_type=\"container\">\n\t\t\t\t<div class=\"elementor-element elementor-element-ff96504 elementor-widget elementor-widget-video\" data-id=\"ff96504\" data-element_type=\"widget\" data-settings=\"{&quot;youtube_url&quot;:&quot;https:\\\/\\\/youtu.be\\\/JyVIgfOpdO0&quot;,&quot;video_type&quot;:&quot;youtube&quot;}\" data-widget_type=\"video.default\">\n\t\t\t\t<div class=\"elementor-widget-container\">\n\t\t\t\t\t\t\t<div class=\"elementor-wrapper elementor-open-inline\">\n\t\t\t<div class=\"elementor-video\"><\/div>\t\t<\/div>\n\t\t\t\t\t\t<\/div>\n\t\t\t\t<\/div>\n\t\t\t\t<div class=\"elementor-element elementor-element-36b5bf7 elementor-widget elementor-widget-video\" data-id=\"36b5bf7\" data-element_type=\"widget\" data-settings=\"{&quot;youtube_url&quot;:&quot;https:\\\/\\\/www.youtube.com\\\/watch?v=VNGbmRKCrW8&quot;,&quot;video_type&quot;:&quot;youtube&quot;}\" data-widget_type=\"video.default\">\n\t\t\t\t<div class=\"elementor-widget-container\">\n\t\t\t\t\t\t\t<div class=\"elementor-wrapper elementor-open-inline\">\n\t\t\t<div class=\"elementor-video\"><\/div>\t\t<\/div>\n\t\t\t\t\t\t<\/div>\n\t\t\t\t<\/div>\n\t\t\t\t<div class=\"elementor-element elementor-element-c20b701 elementor-widget elementor-widget-video\" data-id=\"c20b701\" data-element_type=\"widget\" data-settings=\"{&quot;youtube_url&quot;:&quot;https:\\\/\\\/www.youtube.com\\\/watch?v=7dTnwgfVg-s&quot;,&quot;video_type&quot;:&quot;youtube&quot;}\" data-widget_type=\"video.default\">\n\t\t\t\t<div class=\"elementor-widget-container\">\n\t\t\t\t\t\t\t<div class=\"elementor-wrapper elementor-open-inline\">\n\t\t\t<div class=\"elementor-video\"><\/div>\t\t<\/div>\n\t\t\t\t\t\t<\/div>\n\t\t\t\t<\/div>\n\t\t\t\t<\/div>\n\t\t<div class=\"elementor-element elementor-element-8033ece e-con-full e-flex e-con e-child\" data-id=\"8033ece\" data-element_type=\"container\">\n\t\t\t\t<div class=\"elementor-element elementor-element-23ebd2c elementor-widget elementor-widget-video\" data-id=\"23ebd2c\" data-element_type=\"widget\" data-settings=\"{&quot;youtube_url&quot;:&quot;https:\\\/\\\/www.youtube.com\\\/watch?v=v75FAXLytkA&quot;,&quot;video_type&quot;:&quot;youtube&quot;}\" data-widget_type=\"video.default\">\n\t\t\t\t<div class=\"elementor-widget-container\">\n\t\t\t\t\t\t\t<div class=\"elementor-wrapper elementor-open-inline\">\n\t\t\t<div class=\"elementor-video\"><\/div>\t\t<\/div>\n\t\t\t\t\t\t<\/div>\n\t\t\t\t<\/div>\n\t\t\t\t<div class=\"elementor-element elementor-element-d0f0d0e elementor-widget elementor-widget-video\" data-id=\"d0f0d0e\" data-element_type=\"widget\" data-settings=\"{&quot;youtube_url&quot;:&quot;https:\\\/\\\/www.youtube.com\\\/watch?v=urfJYZDTKJo&quot;,&quot;video_type&quot;:&quot;youtube&quot;}\" data-widget_type=\"video.default\">\n\t\t\t\t<div class=\"elementor-widget-container\">\n\t\t\t\t\t\t\t<div class=\"elementor-wrapper elementor-open-inline\">\n\t\t\t<div class=\"elementor-video\"><\/div>\t\t<\/div>\n\t\t\t\t\t\t<\/div>\n\t\t\t\t<\/div>\n\t\t\t\t<div class=\"elementor-element elementor-element-a9c1d6b elementor-widget elementor-widget-video\" data-id=\"a9c1d6b\" data-element_type=\"widget\" data-settings=\"{&quot;youtube_url&quot;:&quot;https:\\\/\\\/www.youtube.com\\\/watch?v=iP2AJB0CAL4&quot;,&quot;video_type&quot;:&quot;youtube&quot;}\" data-widget_type=\"video.default\">\n\t\t\t\t<div class=\"elementor-widget-container\">\n\t\t\t\t\t\t\t<div class=\"elementor-wrapper elementor-open-inline\">\n\t\t\t<div class=\"elementor-video\"><\/div>\t\t<\/div>\n\t\t\t\t\t\t<\/div>\n\t\t\t\t<\/div>\n\t\t\t\t<\/div>\n\t\t\t\t<\/div>\n\t\t<div class=\"elementor-element elementor-element-5011feb e-con-full e-flex e-con e-parent\" data-id=\"5011feb\" data-element_type=\"container\">\n\t\t\t\t<div class=\"elementor-element elementor-element-860651e elementor-widget elementor-widget-video\" data-id=\"860651e\" data-element_type=\"widget\" data-settings=\"{&quot;youtube_url&quot;:&quot;https:\\\/\\\/youtu.be\\\/9xlebqUEq40&quot;,&quot;start&quot;:0,&quot;autoplay&quot;:&quot;yes&quot;,&quot;play_on_mobile&quot;:&quot;yes&quot;,&quot;mute&quot;:&quot;yes&quot;,&quot;loop&quot;:&quot;yes&quot;,&quot;video_type&quot;:&quot;youtube&quot;,&quot;controls&quot;:&quot;yes&quot;}\" data-widget_type=\"video.default\">\n\t\t\t\t<div class=\"elementor-widget-container\">\n\t\t\t\t\t\t\t<div class=\"elementor-wrapper elementor-open-inline\">\n\t\t\t<div class=\"elementor-video\"><\/div>\t\t<\/div>\n\t\t\t\t\t\t<\/div>\n\t\t\t\t<\/div>\n\t\t\t\t<\/div>\n\t\t\t\t<\/div>","protected":false},"excerpt":{"rendered":"<p>3D &#8211; 2d Animasyonlar 3D ve 2D animasyon videolar, son y\u0131llarda her alanda kullan\u0131m\u0131 artan ve izleyicilere etkileyici bir deneyim sunan g\u00f6rsel ara\u00e7lard\u0131r. \u00dcr\u00fcn tan\u0131t\u0131m\u0131, e\u011fitim videolar\u0131, reklam filmleri, animasyonlar, karakter tasar\u0131m\u0131 ve daha bir\u00e7ok alanda 3D animasyon videolar tercih edilmektedir. Markacat Dijital olarak, her sekt\u00f6re ve b\u00fct\u00e7eye uygun, yarat\u0131c\u0131 ve \u00f6zg\u00fcn 3D ve 2D [&hellip;]<\/p>","protected":false},"author":1,"featured_media":0,"parent":0,"menu_order":0,"comment_status":"closed","ping_status":"closed","template":"","meta":{"om_disable_all_campaigns":false,"_uf_show_specific_survey":0,"_uf_disable_surveys":false,"footnotes":""},"class_list":["post-10861","page","type-page","status-publish","hentry"],"aioseo_notices":[],"_links":{"self":[{"href":"https:\/\/markacat.com\/en\/wp-json\/wp\/v2\/pages\/10861","targetHints":{"allow":["GET"]}}],"collection":[{"href":"https:\/\/markacat.com\/en\/wp-json\/wp\/v2\/pages"}],"about":[{"href":"https:\/\/markacat.com\/en\/wp-json\/wp\/v2\/types\/page"}],"author":[{"embeddable":true,"href":"https:\/\/markacat.com\/en\/wp-json\/wp\/v2\/users\/1"}],"replies":[{"embeddable":true,"href":"https:\/\/markacat.com\/en\/wp-json\/wp\/v2\/comments?post=10861"}],"version-history":[{"count":98,"href":"https:\/\/markacat.com\/en\/wp-json\/wp\/v2\/pages\/10861\/revisions"}],"predecessor-version":[{"id":12058,"href":"https:\/\/markacat.com\/en\/wp-json\/wp\/v2\/pages\/10861\/revisions\/12058"}],"wp:attachment":[{"href":"https:\/\/markacat.com\/en\/wp-json\/wp\/v2\/media?parent=10861"}],"curies":[{"name":"wp","href":"https:\/\/api.w.org\/{rel}","templated":true}]}}