{"id":10859,"date":"2024-02-12T11:38:09","date_gmt":"2024-02-12T11:38:09","guid":{"rendered":"https:\/\/markacat.com\/?page_id=10859"},"modified":"2024-03-07T13:34:24","modified_gmt":"2024-03-07T13:34:24","slug":"mobil-app","status":"publish","type":"page","link":"https:\/\/markacat.com\/en\/mobil-app\/","title":{"rendered":"mobil app development"},"content":{"rendered":"<div data-elementor-type=\"wp-page\" data-elementor-id=\"10859\" class=\"elementor elementor-10859\">\n\t\t\t\t<div class=\"elementor-element elementor-element-69f0404 e-flex e-con-boxed e-con e-parent\" data-id=\"69f0404\" data-element_type=\"container\">\n\t\t\t\t\t<div class=\"e-con-inner\">\n\t\t<div class=\"elementor-element elementor-element-cb15a20 e-con-full e-flex e-con e-child\" data-id=\"cb15a20\" data-element_type=\"container\">\n\t\t\t\t<div class=\"elementor-element elementor-element-d83260f elementor-widget elementor-widget-heading\" data-id=\"d83260f\" data-element_type=\"widget\" data-widget_type=\"heading.default\">\n\t\t\t\t<div class=\"elementor-widget-container\">\n\t\t\t\t\t<h2 class=\"elementor-heading-title elementor-size-default\">mobil app development<\/h2>\t\t\t\t<\/div>\n\t\t\t\t<\/div>\n\t\t\t\t<div class=\"elementor-element elementor-element-6304a4e elementor-widget elementor-widget-text-editor\" data-id=\"6304a4e\" data-element_type=\"widget\" data-widget_type=\"text-editor.default\">\n\t\t\t\t<div class=\"elementor-widget-container\">\n\t\t\t\t\t\t\t\t\t<p style=\"text-align: center;\" data-sourcepos=\"3:1-3:40\">Mobile applications have become an indispensable part of our lives today. They are used in many areas such as business, education, entertainment, and shopping. By developing your own mobile application, you can reach your target audience more easily, expand your business, and gain more customers.<\/p><p style=\"text-align: center;\" data-sourcepos=\"5:1-5:103\"><strong>At MarkaCat Digital, we offer unique and functional mobile application development services tailored to every industry and budget.<\/strong> Our expert team analyzes your needs and goals to design and develop custom mobile applications tailored specifically to you.<\/p>\t\t\t\t\t\t\t\t<\/div>\n\t\t\t\t<\/div>\n\t\t\t\t<\/div>\n\t\t\t\t\t<\/div>\n\t\t\t\t<\/div>\n\t\t<div class=\"elementor-element elementor-element-0fe1f55 e-con-full e-flex e-con e-parent\" data-id=\"0fe1f55\" data-element_type=\"container\">\n\t\t<div class=\"elementor-element elementor-element-e823620 e-con-full e-flex e-con e-child\" data-id=\"e823620\" data-element_type=\"container\">\n\t\t\t\t<div class=\"elementor-element elementor-element-608f4b5 elementor-widget elementor-widget-image\" data-id=\"608f4b5\" data-element_type=\"widget\" data-widget_type=\"image.default\">\n\t\t\t\t<div class=\"elementor-widget-container\">\n\t\t\t\t\t\t\t\t\t\t\t\t\t\t\t<img fetchpriority=\"high\" decoding=\"async\" width=\"512\" height=\"1024\" src=\"https:\/\/markacat.com\/wp-content\/uploads\/2024\/03\/unnamed-512x1024.webp\" class=\"attachment-large size-large wp-image-11423\" alt=\"\" srcset=\"https:\/\/markacat.com\/wp-content\/uploads\/2024\/03\/unnamed-512x1024.webp 512w, https:\/\/markacat.com\/wp-content\/uploads\/2024\/03\/unnamed-150x300.webp 150w, https:\/\/markacat.com\/wp-content\/uploads\/2024\/03\/unnamed-768x1536.webp 768w, https:\/\/markacat.com\/wp-content\/uploads\/2024\/03\/unnamed-650x1300.webp 650w, https:\/\/markacat.com\/wp-content\/uploads\/2024\/03\/unnamed-600x1200.webp 600w, https:\/\/markacat.com\/wp-content\/uploads\/2024\/03\/unnamed.webp 900w\" sizes=\"(max-width: 512px) 100vw, 512px\" \/>\t\t\t\t\t\t\t\t\t\t\t\t\t\t\t<\/div>\n\t\t\t\t<\/div>\n\t\t\t\t<div class=\"elementor-element elementor-element-cf4204e elementor-widget elementor-widget-image\" data-id=\"cf4204e\" data-element_type=\"widget\" data-widget_type=\"image.default\">\n\t\t\t\t<div class=\"elementor-widget-container\">\n\t\t\t\t\t\t\t\t\t\t\t\t\t\t\t<img decoding=\"async\" width=\"614\" height=\"1024\" src=\"https:\/\/markacat.com\/wp-content\/uploads\/2024\/03\/Katman-2-614x1024.png\" class=\"attachment-large size-large wp-image-11428\" alt=\"\" srcset=\"https:\/\/markacat.com\/wp-content\/uploads\/2024\/03\/Katman-2-614x1024.png 614w, https:\/\/markacat.com\/wp-content\/uploads\/2024\/03\/Katman-2-180x300.png 180w, https:\/\/markacat.com\/wp-content\/uploads\/2024\/03\/Katman-2-600x1000.png 600w, https:\/\/markacat.com\/wp-content\/uploads\/2024\/03\/Katman-2.png 633w\" sizes=\"(max-width: 614px) 100vw, 614px\" \/>\t\t\t\t\t\t\t\t\t\t\t\t\t\t\t<\/div>\n\t\t\t\t<\/div>\n\t\t\t\t<div class=\"elementor-element elementor-element-84157fc elementor-widget elementor-widget-image\" data-id=\"84157fc\" data-element_type=\"widget\" data-widget_type=\"image.default\">\n\t\t\t\t<div class=\"elementor-widget-container\">\n\t\t\t\t\t\t\t\t\t\t\t\t\t\t\t<img decoding=\"async\" width=\"506\" height=\"900\" src=\"https:\/\/markacat.com\/wp-content\/uploads\/2024\/03\/sende-var-mi_5_506x900.png\" class=\"attachment-large size-large wp-image-11436\" alt=\"\" srcset=\"https:\/\/markacat.com\/wp-content\/uploads\/2024\/03\/sende-var-mi_5_506x900.png 506w, https:\/\/markacat.com\/wp-content\/uploads\/2024\/03\/sende-var-mi_5_506x900-169x300.png 169w\" sizes=\"(max-width: 506px) 100vw, 506px\" \/>\t\t\t\t\t\t\t\t\t\t\t\t\t\t\t<\/div>\n\t\t\t\t<\/div>\n\t\t\t\t<div class=\"elementor-element elementor-element-855fe6b elementor-widget elementor-widget-image\" data-id=\"855fe6b\" data-element_type=\"widget\" data-widget_type=\"image.default\">\n\t\t\t\t<div class=\"elementor-widget-container\">\n\t\t\t\t\t\t\t\t\t\t\t\t\t\t\t<img loading=\"lazy\" decoding=\"async\" width=\"460\" height=\"996\" src=\"https:\/\/markacat.com\/wp-content\/uploads\/2024\/03\/460x0w.webp\" class=\"attachment-large size-large wp-image-11442\" alt=\"\" srcset=\"https:\/\/markacat.com\/wp-content\/uploads\/2024\/03\/460x0w.webp 460w, https:\/\/markacat.com\/wp-content\/uploads\/2024\/03\/460x0w-139x300.webp 139w\" sizes=\"(max-width: 460px) 100vw, 460px\" \/>\t\t\t\t\t\t\t\t\t\t\t\t\t\t\t<\/div>\n\t\t\t\t<\/div>\n\t\t\t\t<div class=\"elementor-element elementor-element-d665962 elementor-widget elementor-widget-image\" data-id=\"d665962\" data-element_type=\"widget\" data-widget_type=\"image.default\">\n\t\t\t\t<div class=\"elementor-widget-container\">\n\t\t\t\t\t\t\t\t\t\t\t\t\t\t\t<img loading=\"lazy\" decoding=\"async\" width=\"576\" height=\"1024\" src=\"https:\/\/markacat.com\/wp-content\/uploads\/2024\/03\/taksi-7x24and3-576x1024.png\" class=\"attachment-large size-large wp-image-11449\" alt=\"\" srcset=\"https:\/\/markacat.com\/wp-content\/uploads\/2024\/03\/taksi-7x24and3-576x1024.png 576w, https:\/\/markacat.com\/wp-content\/uploads\/2024\/03\/taksi-7x24and3-169x300.png 169w, https:\/\/markacat.com\/wp-content\/uploads\/2024\/03\/taksi-7x24and3-600x1067.png 600w, https:\/\/markacat.com\/wp-content\/uploads\/2024\/03\/taksi-7x24and3.png 694w\" sizes=\"(max-width: 576px) 100vw, 576px\" \/>\t\t\t\t\t\t\t\t\t\t\t\t\t\t\t<\/div>\n\t\t\t\t<\/div>\n\t\t\t\t<\/div>\n\t\t<div class=\"elementor-element elementor-element-02eec7c e-con-full e-flex e-con e-child\" data-id=\"02eec7c\" data-element_type=\"container\">\n\t\t\t\t<div class=\"elementor-element elementor-element-c5a88db elementor-widget elementor-widget-image\" data-id=\"c5a88db\" data-element_type=\"widget\" data-widget_type=\"image.default\">\n\t\t\t\t<div class=\"elementor-widget-container\">\n\t\t\t\t\t\t\t\t\t\t\t\t\t\t\t<img loading=\"lazy\" decoding=\"async\" width=\"512\" height=\"1024\" src=\"https:\/\/markacat.com\/wp-content\/uploads\/2024\/03\/unnamed-3-512x1024.webp\" class=\"attachment-large size-large wp-image-11427\" alt=\"\" srcset=\"https:\/\/markacat.com\/wp-content\/uploads\/2024\/03\/unnamed-3-512x1024.webp 512w, https:\/\/markacat.com\/wp-content\/uploads\/2024\/03\/unnamed-3-150x300.webp 150w, https:\/\/markacat.com\/wp-content\/uploads\/2024\/03\/unnamed-3-768x1536.webp 768w, https:\/\/markacat.com\/wp-content\/uploads\/2024\/03\/unnamed-3-650x1300.webp 650w, https:\/\/markacat.com\/wp-content\/uploads\/2024\/03\/unnamed-3-600x1200.webp 600w, https:\/\/markacat.com\/wp-content\/uploads\/2024\/03\/unnamed-3.webp 900w\" sizes=\"(max-width: 512px) 100vw, 512px\" \/>\t\t\t\t\t\t\t\t\t\t\t\t\t\t\t<\/div>\n\t\t\t\t<\/div>\n\t\t\t\t<div class=\"elementor-element elementor-element-d76ccf7 elementor-widget elementor-widget-image\" data-id=\"d76ccf7\" data-element_type=\"widget\" data-widget_type=\"image.default\">\n\t\t\t\t<div class=\"elementor-widget-container\">\n\t\t\t\t\t\t\t\t\t\t\t\t\t\t\t<img loading=\"lazy\" decoding=\"async\" width=\"614\" height=\"1024\" src=\"https:\/\/markacat.com\/wp-content\/uploads\/2024\/03\/Katman-3-614x1024.png\" class=\"attachment-large size-large wp-image-11429\" alt=\"\" srcset=\"https:\/\/markacat.com\/wp-content\/uploads\/2024\/03\/Katman-3-614x1024.png 614w, https:\/\/markacat.com\/wp-content\/uploads\/2024\/03\/Katman-3-180x300.png 180w, https:\/\/markacat.com\/wp-content\/uploads\/2024\/03\/Katman-3-600x1000.png 600w, https:\/\/markacat.com\/wp-content\/uploads\/2024\/03\/Katman-3.png 633w\" sizes=\"(max-width: 614px) 100vw, 614px\" \/>\t\t\t\t\t\t\t\t\t\t\t\t\t\t\t<\/div>\n\t\t\t\t<\/div>\n\t\t\t\t<div class=\"elementor-element elementor-element-6e3e3ea elementor-widget elementor-widget-image\" data-id=\"6e3e3ea\" data-element_type=\"widget\" data-widget_type=\"image.default\">\n\t\t\t\t<div class=\"elementor-widget-container\">\n\t\t\t\t\t\t\t\t\t\t\t\t\t\t\t<img loading=\"lazy\" decoding=\"async\" width=\"506\" height=\"900\" src=\"https:\/\/markacat.com\/wp-content\/uploads\/2024\/03\/sende-var-mi_2_506x900.png\" class=\"attachment-large size-large wp-image-11435\" alt=\"\" srcset=\"https:\/\/markacat.com\/wp-content\/uploads\/2024\/03\/sende-var-mi_2_506x900.png 506w, https:\/\/markacat.com\/wp-content\/uploads\/2024\/03\/sende-var-mi_2_506x900-169x300.png 169w\" sizes=\"(max-width: 506px) 100vw, 506px\" \/>\t\t\t\t\t\t\t\t\t\t\t\t\t\t\t<\/div>\n\t\t\t\t<\/div>\n\t\t\t\t<div class=\"elementor-element elementor-element-29c6fa1 elementor-widget elementor-widget-image\" data-id=\"29c6fa1\" data-element_type=\"widget\" data-widget_type=\"image.default\">\n\t\t\t\t<div class=\"elementor-widget-container\">\n\t\t\t\t\t\t\t\t\t\t\t\t\t\t\t<img loading=\"lazy\" decoding=\"async\" width=\"460\" height=\"996\" src=\"https:\/\/markacat.com\/wp-content\/uploads\/2024\/03\/460x0w2.webp\" class=\"attachment-large size-large wp-image-11443\" alt=\"\" srcset=\"https:\/\/markacat.com\/wp-content\/uploads\/2024\/03\/460x0w2.webp 460w, https:\/\/markacat.com\/wp-content\/uploads\/2024\/03\/460x0w2-139x300.webp 139w\" sizes=\"(max-width: 460px) 100vw, 460px\" \/>\t\t\t\t\t\t\t\t\t\t\t\t\t\t\t<\/div>\n\t\t\t\t<\/div>\n\t\t\t\t<div class=\"elementor-element elementor-element-dfb852f elementor-widget elementor-widget-image\" data-id=\"dfb852f\" data-element_type=\"widget\" data-widget_type=\"image.default\">\n\t\t\t\t<div class=\"elementor-widget-container\">\n\t\t\t\t\t\t\t\t\t\t\t\t\t\t\t<img loading=\"lazy\" decoding=\"async\" width=\"576\" height=\"1024\" src=\"https:\/\/markacat.com\/wp-content\/uploads\/2024\/03\/taksi-7x24and2-576x1024.webp\" class=\"attachment-large size-large wp-image-11448\" alt=\"\" srcset=\"https:\/\/markacat.com\/wp-content\/uploads\/2024\/03\/taksi-7x24and2-576x1024.webp 576w, https:\/\/markacat.com\/wp-content\/uploads\/2024\/03\/taksi-7x24and2-169x300.webp 169w, https:\/\/markacat.com\/wp-content\/uploads\/2024\/03\/taksi-7x24and2-600x1067.webp 600w, https:\/\/markacat.com\/wp-content\/uploads\/2024\/03\/taksi-7x24and2.webp 694w\" sizes=\"(max-width: 576px) 100vw, 576px\" \/>\t\t\t\t\t\t\t\t\t\t\t\t\t\t\t<\/div>\n\t\t\t\t<\/div>\n\t\t\t\t<\/div>\n\t\t<div class=\"elementor-element elementor-element-056e648 e-con-full e-flex e-con e-child\" data-id=\"056e648\" data-element_type=\"container\">\n\t\t\t\t<div class=\"elementor-element elementor-element-f3c100f elementor-widget elementor-widget-image\" data-id=\"f3c100f\" data-element_type=\"widget\" data-widget_type=\"image.default\">\n\t\t\t\t<div class=\"elementor-widget-container\">\n\t\t\t\t\t\t\t\t\t\t\t\t\t\t\t<img loading=\"lazy\" decoding=\"async\" width=\"512\" height=\"1024\" src=\"https:\/\/markacat.com\/wp-content\/uploads\/2024\/03\/unnamed-1-512x1024.webp\" class=\"attachment-large size-large wp-image-11424\" alt=\"\" srcset=\"https:\/\/markacat.com\/wp-content\/uploads\/2024\/03\/unnamed-1-512x1024.webp 512w, https:\/\/markacat.com\/wp-content\/uploads\/2024\/03\/unnamed-1-150x300.webp 150w, https:\/\/markacat.com\/wp-content\/uploads\/2024\/03\/unnamed-1-768x1536.webp 768w, https:\/\/markacat.com\/wp-content\/uploads\/2024\/03\/unnamed-1-650x1300.webp 650w, https:\/\/markacat.com\/wp-content\/uploads\/2024\/03\/unnamed-1-600x1200.webp 600w, https:\/\/markacat.com\/wp-content\/uploads\/2024\/03\/unnamed-1.webp 900w\" sizes=\"(max-width: 512px) 100vw, 512px\" \/>\t\t\t\t\t\t\t\t\t\t\t\t\t\t\t<\/div>\n\t\t\t\t<\/div>\n\t\t\t\t<div class=\"elementor-element elementor-element-3a53460 elementor-widget elementor-widget-image\" data-id=\"3a53460\" data-element_type=\"widget\" data-widget_type=\"image.default\">\n\t\t\t\t<div class=\"elementor-widget-container\">\n\t\t\t\t\t\t\t\t\t\t\t\t\t\t\t<img loading=\"lazy\" decoding=\"async\" width=\"614\" height=\"1024\" src=\"https:\/\/markacat.com\/wp-content\/uploads\/2024\/03\/Katman-1-614x1024.png\" class=\"attachment-large size-large wp-image-11665\" alt=\"\" srcset=\"https:\/\/markacat.com\/wp-content\/uploads\/2024\/03\/Katman-1-614x1024.png 614w, https:\/\/markacat.com\/wp-content\/uploads\/2024\/03\/Katman-1-180x300.png 180w, https:\/\/markacat.com\/wp-content\/uploads\/2024\/03\/Katman-1-600x1000.png 600w, https:\/\/markacat.com\/wp-content\/uploads\/2024\/03\/Katman-1.png 633w\" sizes=\"(max-width: 614px) 100vw, 614px\" \/>\t\t\t\t\t\t\t\t\t\t\t\t\t\t\t<\/div>\n\t\t\t\t<\/div>\n\t\t\t\t<div class=\"elementor-element elementor-element-ebfddd3 elementor-widget elementor-widget-image\" data-id=\"ebfddd3\" data-element_type=\"widget\" data-widget_type=\"image.default\">\n\t\t\t\t<div class=\"elementor-widget-container\">\n\t\t\t\t\t\t\t\t\t\t\t\t\t\t\t<img loading=\"lazy\" decoding=\"async\" width=\"422\" height=\"750\" src=\"https:\/\/markacat.com\/wp-content\/uploads\/2024\/03\/750x750bb.jpg\" class=\"attachment-large size-large wp-image-11434\" alt=\"\" srcset=\"https:\/\/markacat.com\/wp-content\/uploads\/2024\/03\/750x750bb.jpg 422w, https:\/\/markacat.com\/wp-content\/uploads\/2024\/03\/750x750bb-169x300.jpg 169w\" sizes=\"(max-width: 422px) 100vw, 422px\" \/>\t\t\t\t\t\t\t\t\t\t\t\t\t\t\t<\/div>\n\t\t\t\t<\/div>\n\t\t\t\t<div class=\"elementor-element elementor-element-16ebe5f elementor-widget elementor-widget-image\" data-id=\"16ebe5f\" data-element_type=\"widget\" data-widget_type=\"image.default\">\n\t\t\t\t<div class=\"elementor-widget-container\">\n\t\t\t\t\t\t\t\t\t\t\t\t\t\t\t<img loading=\"lazy\" decoding=\"async\" width=\"460\" height=\"996\" src=\"https:\/\/markacat.com\/wp-content\/uploads\/2024\/03\/460x0w-4.webp\" class=\"attachment-large size-large wp-image-11441\" alt=\"\" srcset=\"https:\/\/markacat.com\/wp-content\/uploads\/2024\/03\/460x0w-4.webp 460w, https:\/\/markacat.com\/wp-content\/uploads\/2024\/03\/460x0w-4-139x300.webp 139w\" sizes=\"(max-width: 460px) 100vw, 460px\" \/>\t\t\t\t\t\t\t\t\t\t\t\t\t\t\t<\/div>\n\t\t\t\t<\/div>\n\t\t\t\t<div class=\"elementor-element elementor-element-03042ef elementor-widget elementor-widget-image\" data-id=\"03042ef\" data-element_type=\"widget\" data-widget_type=\"image.default\">\n\t\t\t\t<div class=\"elementor-widget-container\">\n\t\t\t\t\t\t\t\t\t\t\t\t\t\t\t<img loading=\"lazy\" decoding=\"async\" width=\"576\" height=\"1024\" src=\"https:\/\/markacat.com\/wp-content\/uploads\/2024\/03\/taksi-7x24and1-576x1024.png\" class=\"attachment-large size-large wp-image-11447\" alt=\"\" srcset=\"https:\/\/markacat.com\/wp-content\/uploads\/2024\/03\/taksi-7x24and1-576x1024.png 576w, https:\/\/markacat.com\/wp-content\/uploads\/2024\/03\/taksi-7x24and1-169x300.png 169w, https:\/\/markacat.com\/wp-content\/uploads\/2024\/03\/taksi-7x24and1-600x1067.png 600w, https:\/\/markacat.com\/wp-content\/uploads\/2024\/03\/taksi-7x24and1.png 694w\" sizes=\"(max-width: 576px) 100vw, 576px\" \/>\t\t\t\t\t\t\t\t\t\t\t\t\t\t\t<\/div>\n\t\t\t\t<\/div>\n\t\t\t\t<\/div>\n\t\t\t\t<\/div>\n\t\t\t\t<\/div>","protected":false},"excerpt":{"rendered":"<p>Mobil App Mobil uygulamalar, g\u00fcn\u00fcm\u00fczde hayat\u0131m\u0131z\u0131n vazge\u00e7ilmez bir par\u00e7as\u0131 haline gelmi\u015ftir. \u0130\u015f, e\u011fitim, e\u011flence, al\u0131\u015fveri\u015f gibi bir\u00e7ok alanda mobil uygulamalar kullan\u0131lmaktad\u0131r. Kendi mobil uygulaman\u0131z\u0131 geli\u015ftirerek hedef kitlenize daha kolay ula\u015fabilir, i\u015finizi b\u00fcy\u00fctebilir ve daha fazla m\u00fc\u015fteri kazanabilirsiniz. Markacat Dijital olarak, her sekt\u00f6re ve b\u00fct\u00e7eye uygun, \u00f6zg\u00fcn ve fonksiyonel mobil uygulama geli\u015ftirme hizmeti sunuyoruz. Uzman ekibimiz, [&hellip;]<\/p>","protected":false},"author":1,"featured_media":0,"parent":0,"menu_order":0,"comment_status":"closed","ping_status":"closed","template":"","meta":{"om_disable_all_campaigns":false,"_uf_show_specific_survey":0,"_uf_disable_surveys":false,"footnotes":""},"class_list":["post-10859","page","type-page","status-publish","hentry"],"aioseo_notices":[],"_links":{"self":[{"href":"https:\/\/markacat.com\/en\/wp-json\/wp\/v2\/pages\/10859","targetHints":{"allow":["GET"]}}],"collection":[{"href":"https:\/\/markacat.com\/en\/wp-json\/wp\/v2\/pages"}],"about":[{"href":"https:\/\/markacat.com\/en\/wp-json\/wp\/v2\/types\/page"}],"author":[{"embeddable":true,"href":"https:\/\/markacat.com\/en\/wp-json\/wp\/v2\/users\/1"}],"replies":[{"embeddable":true,"href":"https:\/\/markacat.com\/en\/wp-json\/wp\/v2\/comments?post=10859"}],"version-history":[{"count":29,"href":"https:\/\/markacat.com\/en\/wp-json\/wp\/v2\/pages\/10859\/revisions"}],"predecessor-version":[{"id":11668,"href":"https:\/\/markacat.com\/en\/wp-json\/wp\/v2\/pages\/10859\/revisions\/11668"}],"wp:attachment":[{"href":"https:\/\/markacat.com\/en\/wp-json\/wp\/v2\/media?parent=10859"}],"curies":[{"name":"wp","href":"https:\/\/api.w.org\/{rel}","templated":true}]}}