{"id":10857,"date":"2024-02-12T11:37:44","date_gmt":"2024-02-12T11:37:44","guid":{"rendered":"https:\/\/markacat.com\/?page_id=10857"},"modified":"2024-03-07T13:28:29","modified_gmt":"2024-03-07T13:28:29","slug":"web-tasarimi","status":"publish","type":"page","link":"https:\/\/markacat.com\/en\/web-tasarimi\/","title":{"rendered":"web design"},"content":{"rendered":"<div data-elementor-type=\"wp-page\" data-elementor-id=\"10857\" class=\"elementor elementor-10857\">\n\t\t\t\t<div class=\"elementor-element elementor-element-a4076ce e-flex e-con-boxed e-con e-parent\" data-id=\"a4076ce\" data-element_type=\"container\">\n\t\t\t\t\t<div class=\"e-con-inner\">\n\t\t<div class=\"elementor-element elementor-element-5b9d35a e-con-full e-flex e-con e-child\" data-id=\"5b9d35a\" data-element_type=\"container\">\n\t\t\t\t<div class=\"elementor-element elementor-element-2e31e7a elementor-widget elementor-widget-heading\" data-id=\"2e31e7a\" data-element_type=\"widget\" data-widget_type=\"heading.default\">\n\t\t\t\t<div class=\"elementor-widget-container\">\n\t\t\t\t\t<h2 class=\"elementor-heading-title elementor-size-default\">web design<\/h2>\t\t\t\t<\/div>\n\t\t\t\t<\/div>\n\t\t\t\t<div class=\"elementor-element elementor-element-ddc3a55 elementor-widget elementor-widget-text-editor\" data-id=\"ddc3a55\" data-element_type=\"widget\" data-widget_type=\"text-editor.default\">\n\t\t\t\t<div class=\"elementor-widget-container\">\n\t\t\t\t\t\t\t\t\t<p style=\"text-align: center;\" data-sourcepos=\"3:1-3:43\"><strong>Your website is your storefront in the digital world.<\/strong> With an impressive and functional website, you can reach your target audience, strengthen your brand, and increase your sales.<\/p>\n<p style=\"text-align: center;\" data-sourcepos=\"5:1-5:81\"><strong>At MarkaCat Digital, we offer web design solutions tailored to every industry and need.<\/strong>&nbsp;<\/p><p style=\"text-align: center;\" data-sourcepos=\"5:1-5:81\"><br><\/p><p style=\"text-align: center;\" data-sourcepos=\"5:1-5:81\"><br><\/p>\t\t\t\t\t\t\t\t<\/div>\n\t\t\t\t<\/div>\n\t\t\t\t<\/div>\n\t\t\t\t\t<\/div>\n\t\t\t\t<\/div>\n\t\t<div class=\"elementor-element elementor-element-0fe1f55 e-con-full e-flex e-con e-parent\" data-id=\"0fe1f55\" data-element_type=\"container\">\n\t\t<div class=\"elementor-element elementor-element-e823620 e-con-full e-flex e-con e-child\" data-id=\"e823620\" data-element_type=\"container\">\n\t\t\t\t<div class=\"elementor-element elementor-element-d1644ce elementor-widget elementor-widget-image\" data-id=\"d1644ce\" data-element_type=\"widget\" data-widget_type=\"image.default\">\n\t\t\t\t<div class=\"elementor-widget-container\">\n\t\t\t\t\t\t\t\t\t\t\t\t\t\t\t\t<a href=\"https:\/\/www.aloprotein.com\/\" target=\"_blank\">\n\t\t\t\t\t\t\t<img fetchpriority=\"high\" decoding=\"async\" width=\"576\" height=\"509\" src=\"https:\/\/markacat.com\/wp-content\/uploads\/2024\/03\/aloprotein.png\" class=\"attachment-large size-large wp-image-11496\" alt=\"\" srcset=\"https:\/\/markacat.com\/wp-content\/uploads\/2024\/03\/aloprotein.png 576w, https:\/\/markacat.com\/wp-content\/uploads\/2024\/03\/aloprotein-300x265.png 300w\" sizes=\"(max-width: 576px) 100vw, 576px\" \/>\t\t\t\t\t\t\t\t<\/a>\n\t\t\t\t\t\t\t\t\t\t\t\t\t\t\t<\/div>\n\t\t\t\t<\/div>\n\t\t\t\t<div class=\"elementor-element elementor-element-901ca92 elementor-widget elementor-widget-image\" data-id=\"901ca92\" data-element_type=\"widget\" data-widget_type=\"image.default\">\n\t\t\t\t<div class=\"elementor-widget-container\">\n\t\t\t\t\t\t\t\t\t\t\t\t\t\t\t\t<a href=\"https:\/\/talentouch.com.tr\/\" target=\"_blank\">\n\t\t\t\t\t\t\t<img decoding=\"async\" width=\"576\" height=\"509\" src=\"https:\/\/markacat.com\/wp-content\/uploads\/2024\/02\/touchwebmockup-1.png\" class=\"attachment-large size-large wp-image-11028\" alt=\"\" srcset=\"https:\/\/markacat.com\/wp-content\/uploads\/2024\/02\/touchwebmockup-1.png 576w, https:\/\/markacat.com\/wp-content\/uploads\/2024\/02\/touchwebmockup-1-300x265.png 300w\" sizes=\"(max-width: 576px) 100vw, 576px\" \/>\t\t\t\t\t\t\t\t<\/a>\n\t\t\t\t\t\t\t\t\t\t\t\t\t\t\t<\/div>\n\t\t\t\t<\/div>\n\t\t\t\t<div class=\"elementor-element elementor-element-b91e095 elementor-widget elementor-widget-image\" data-id=\"b91e095\" data-element_type=\"widget\" data-widget_type=\"image.default\">\n\t\t\t\t<div class=\"elementor-widget-container\">\n\t\t\t\t\t\t\t\t\t\t\t\t\t\t\t\t<a href=\"https:\/\/kumsmall.com.tr\/\" target=\"_blank\">\n\t\t\t\t\t\t\t<img decoding=\"async\" width=\"576\" height=\"509\" src=\"https:\/\/markacat.com\/wp-content\/uploads\/2024\/02\/kumsmallweb.png\" class=\"attachment-large size-large wp-image-11038\" alt=\"\" srcset=\"https:\/\/markacat.com\/wp-content\/uploads\/2024\/02\/kumsmallweb.png 576w, https:\/\/markacat.com\/wp-content\/uploads\/2024\/02\/kumsmallweb-300x265.png 300w\" sizes=\"(max-width: 576px) 100vw, 576px\" \/>\t\t\t\t\t\t\t\t<\/a>\n\t\t\t\t\t\t\t\t\t\t\t\t\t\t\t<\/div>\n\t\t\t\t<\/div>\n\t\t\t\t<div class=\"elementor-element elementor-element-425800c elementor-widget elementor-widget-image\" data-id=\"425800c\" data-element_type=\"widget\" data-widget_type=\"image.default\">\n\t\t\t\t<div class=\"elementor-widget-container\">\n\t\t\t\t\t\t\t\t\t\t\t\t\t\t\t\t<a href=\"https:\/\/gokturkharita.com\/tr\" target=\"_blank\">\n\t\t\t\t\t\t\t<img loading=\"lazy\" decoding=\"async\" width=\"576\" height=\"509\" src=\"https:\/\/markacat.com\/wp-content\/uploads\/2024\/03\/gokturk.png\" class=\"attachment-large size-large wp-image-11509\" alt=\"\" srcset=\"https:\/\/markacat.com\/wp-content\/uploads\/2024\/03\/gokturk.png 576w, https:\/\/markacat.com\/wp-content\/uploads\/2024\/03\/gokturk-300x265.png 300w\" sizes=\"(max-width: 576px) 100vw, 576px\" \/>\t\t\t\t\t\t\t\t<\/a>\n\t\t\t\t\t\t\t\t\t\t\t\t\t\t\t<\/div>\n\t\t\t\t<\/div>\n\t\t\t\t<\/div>\n\t\t<div class=\"elementor-element elementor-element-02eec7c e-con-full e-flex e-con e-child\" data-id=\"02eec7c\" data-element_type=\"container\">\n\t\t\t\t<div class=\"elementor-element elementor-element-f2208c9 elementor-widget elementor-widget-image\" data-id=\"f2208c9\" data-element_type=\"widget\" data-widget_type=\"image.default\">\n\t\t\t\t<div class=\"elementor-widget-container\">\n\t\t\t\t\t\t\t\t\t\t\t\t\t\t\t\t<a href=\"https:\/\/vigovigo.com\/\" target=\"_blank\">\n\t\t\t\t\t\t\t<img loading=\"lazy\" decoding=\"async\" width=\"576\" height=\"509\" src=\"https:\/\/markacat.com\/wp-content\/uploads\/2024\/02\/vigoweb.png\" class=\"attachment-large size-large wp-image-11035\" alt=\"\" srcset=\"https:\/\/markacat.com\/wp-content\/uploads\/2024\/02\/vigoweb.png 576w, https:\/\/markacat.com\/wp-content\/uploads\/2024\/02\/vigoweb-300x265.png 300w\" sizes=\"(max-width: 576px) 100vw, 576px\" \/>\t\t\t\t\t\t\t\t<\/a>\n\t\t\t\t\t\t\t\t\t\t\t\t\t\t\t<\/div>\n\t\t\t\t<\/div>\n\t\t\t\t<div class=\"elementor-element elementor-element-b5e730c elementor-widget elementor-widget-image\" data-id=\"b5e730c\" data-element_type=\"widget\" data-widget_type=\"image.default\">\n\t\t\t\t<div class=\"elementor-widget-container\">\n\t\t\t\t\t\t\t\t\t\t\t\t\t\t\t\t<a href=\"https:\/\/pierrecardinyatak.com.tr\/\" target=\"_blank\">\n\t\t\t\t\t\t\t<img loading=\"lazy\" decoding=\"async\" width=\"576\" height=\"509\" src=\"https:\/\/markacat.com\/wp-content\/uploads\/2024\/02\/pierrecardinweb.png\" class=\"attachment-large size-large wp-image-11039\" alt=\"\" srcset=\"https:\/\/markacat.com\/wp-content\/uploads\/2024\/02\/pierrecardinweb.png 576w, https:\/\/markacat.com\/wp-content\/uploads\/2024\/02\/pierrecardinweb-300x265.png 300w\" sizes=\"(max-width: 576px) 100vw, 576px\" \/>\t\t\t\t\t\t\t\t<\/a>\n\t\t\t\t\t\t\t\t\t\t\t\t\t\t\t<\/div>\n\t\t\t\t<\/div>\n\t\t\t\t<div class=\"elementor-element elementor-element-21cd14b elementor-widget elementor-widget-image\" data-id=\"21cd14b\" data-element_type=\"widget\" data-widget_type=\"image.default\">\n\t\t\t\t<div class=\"elementor-widget-container\">\n\t\t\t\t\t\t\t\t\t\t\t\t\t\t\t\t<a href=\"https:\/\/protein7.com\/\" target=\"_blank\">\n\t\t\t\t\t\t\t<img loading=\"lazy\" decoding=\"async\" width=\"576\" height=\"509\" src=\"https:\/\/markacat.com\/wp-content\/uploads\/2024\/03\/protein7.png\" class=\"attachment-large size-large wp-image-11501\" alt=\"\" srcset=\"https:\/\/markacat.com\/wp-content\/uploads\/2024\/03\/protein7.png 576w, https:\/\/markacat.com\/wp-content\/uploads\/2024\/03\/protein7-300x265.png 300w\" sizes=\"(max-width: 576px) 100vw, 576px\" \/>\t\t\t\t\t\t\t\t<\/a>\n\t\t\t\t\t\t\t\t\t\t\t\t\t\t\t<\/div>\n\t\t\t\t<\/div>\n\t\t\t\t<div class=\"elementor-element elementor-element-7d7a6dc elementor-widget elementor-widget-image\" data-id=\"7d7a6dc\" data-element_type=\"widget\" data-widget_type=\"image.default\">\n\t\t\t\t<div class=\"elementor-widget-container\">\n\t\t\t\t\t\t\t\t\t\t\t\t\t\t\t\t<a href=\"https:\/\/quantumgaming.com.tr\/\" target=\"_blank\">\n\t\t\t\t\t\t\t<img loading=\"lazy\" decoding=\"async\" width=\"576\" height=\"509\" src=\"https:\/\/markacat.com\/wp-content\/uploads\/2024\/03\/quantum.png\" class=\"attachment-large size-large wp-image-11514\" alt=\"\" srcset=\"https:\/\/markacat.com\/wp-content\/uploads\/2024\/03\/quantum.png 576w, https:\/\/markacat.com\/wp-content\/uploads\/2024\/03\/quantum-300x265.png 300w\" sizes=\"(max-width: 576px) 100vw, 576px\" \/>\t\t\t\t\t\t\t\t<\/a>\n\t\t\t\t\t\t\t\t\t\t\t\t\t\t\t<\/div>\n\t\t\t\t<\/div>\n\t\t\t\t<\/div>\n\t\t<div class=\"elementor-element elementor-element-056e648 e-con-full e-flex e-con e-child\" data-id=\"056e648\" data-element_type=\"container\">\n\t\t\t\t<div class=\"elementor-element elementor-element-bcd05bb elementor-widget elementor-widget-image\" data-id=\"bcd05bb\" data-element_type=\"widget\" data-widget_type=\"image.default\">\n\t\t\t\t<div class=\"elementor-widget-container\">\n\t\t\t\t\t\t\t\t\t\t\t\t\t\t\t\t<a href=\"https:\/\/www.gustogold.com\/\" target=\"_blank\">\n\t\t\t\t\t\t\t<img loading=\"lazy\" decoding=\"async\" width=\"576\" height=\"509\" src=\"https:\/\/markacat.com\/wp-content\/uploads\/2024\/02\/gustogoldweb.png\" class=\"attachment-large size-large wp-image-11036\" alt=\"\" srcset=\"https:\/\/markacat.com\/wp-content\/uploads\/2024\/02\/gustogoldweb.png 576w, https:\/\/markacat.com\/wp-content\/uploads\/2024\/02\/gustogoldweb-300x265.png 300w\" sizes=\"(max-width: 576px) 100vw, 576px\" \/>\t\t\t\t\t\t\t\t<\/a>\n\t\t\t\t\t\t\t\t\t\t\t\t\t\t\t<\/div>\n\t\t\t\t<\/div>\n\t\t\t\t<div class=\"elementor-element elementor-element-ac54b21 elementor-widget elementor-widget-image\" data-id=\"ac54b21\" data-element_type=\"widget\" data-widget_type=\"image.default\">\n\t\t\t\t<div class=\"elementor-widget-container\">\n\t\t\t\t\t\t\t\t\t\t\t\t\t\t\t\t<a href=\"https:\/\/donairdude.com\/\" target=\"_blank\">\n\t\t\t\t\t\t\t<img loading=\"lazy\" decoding=\"async\" width=\"576\" height=\"509\" src=\"https:\/\/markacat.com\/wp-content\/uploads\/2024\/02\/donairdudeweb-1.png\" class=\"attachment-large size-large wp-image-11041\" alt=\"\" srcset=\"https:\/\/markacat.com\/wp-content\/uploads\/2024\/02\/donairdudeweb-1.png 576w, https:\/\/markacat.com\/wp-content\/uploads\/2024\/02\/donairdudeweb-1-300x265.png 300w\" sizes=\"(max-width: 576px) 100vw, 576px\" \/>\t\t\t\t\t\t\t\t<\/a>\n\t\t\t\t\t\t\t\t\t\t\t\t\t\t\t<\/div>\n\t\t\t\t<\/div>\n\t\t\t\t<div class=\"elementor-element elementor-element-65a6c83 elementor-widget elementor-widget-image\" data-id=\"65a6c83\" data-element_type=\"widget\" data-widget_type=\"image.default\">\n\t\t\t\t<div class=\"elementor-widget-container\">\n\t\t\t\t\t\t\t\t\t\t\t\t\t\t\t\t<a href=\"https:\/\/www.aloprotein.com\/\" target=\"_blank\">\n\t\t\t\t\t\t\t<img fetchpriority=\"high\" decoding=\"async\" width=\"576\" height=\"509\" src=\"https:\/\/markacat.com\/wp-content\/uploads\/2024\/03\/aloprotein.png\" class=\"attachment-large size-large wp-image-11496\" alt=\"\" srcset=\"https:\/\/markacat.com\/wp-content\/uploads\/2024\/03\/aloprotein.png 576w, https:\/\/markacat.com\/wp-content\/uploads\/2024\/03\/aloprotein-300x265.png 300w\" sizes=\"(max-width: 576px) 100vw, 576px\" \/>\t\t\t\t\t\t\t\t<\/a>\n\t\t\t\t\t\t\t\t\t\t\t\t\t\t\t<\/div>\n\t\t\t\t<\/div>\n\t\t\t\t<div class=\"elementor-element elementor-element-0b5ec25 elementor-widget elementor-widget-image\" data-id=\"0b5ec25\" data-element_type=\"widget\" data-widget_type=\"image.default\">\n\t\t\t\t<div class=\"elementor-widget-container\">\n\t\t\t\t\t\t\t\t\t\t\t\t\t\t\t\t<a href=\"https:\/\/www.modulersanat.com\/\" target=\"_blank\">\n\t\t\t\t\t\t\t<img loading=\"lazy\" decoding=\"async\" width=\"576\" height=\"509\" src=\"https:\/\/markacat.com\/wp-content\/uploads\/2024\/03\/modulersanat.png\" class=\"attachment-large size-large wp-image-11518\" alt=\"\" srcset=\"https:\/\/markacat.com\/wp-content\/uploads\/2024\/03\/modulersanat.png 576w, https:\/\/markacat.com\/wp-content\/uploads\/2024\/03\/modulersanat-300x265.png 300w\" sizes=\"(max-width: 576px) 100vw, 576px\" \/>\t\t\t\t\t\t\t\t<\/a>\n\t\t\t\t\t\t\t\t\t\t\t\t\t\t\t<\/div>\n\t\t\t\t<\/div>\n\t\t\t\t<\/div>\n\t\t\t\t<\/div>\n\t\t\t\t<\/div>","protected":false},"excerpt":{"rendered":"<p>Web Tasar\u0131m\u0131 Web siteniz, dijital d\u00fcnyadaki vitrininizdir. Etkileyici ve i\u015flevsel bir web sitesi ile hedef kitlenize ula\u015fabilir, markan\u0131z\u0131 g\u00fc\u00e7lendirebilir ve sat\u0131\u015flar\u0131n\u0131z\u0131 art\u0131rabilirsiniz. Markacat Dijital olarak, her sekt\u00f6re ve ihtiyaca y\u00f6nelik web tasar\u0131m \u00e7\u00f6z\u00fcmleri sunuyoruz.&nbsp;<\/p>","protected":false},"author":1,"featured_media":0,"parent":0,"menu_order":0,"comment_status":"closed","ping_status":"closed","template":"","meta":{"om_disable_all_campaigns":false,"_uf_show_specific_survey":0,"_uf_disable_surveys":false,"footnotes":""},"class_list":["post-10857","page","type-page","status-publish","hentry"],"aioseo_notices":[],"_links":{"self":[{"href":"https:\/\/markacat.com\/en\/wp-json\/wp\/v2\/pages\/10857","targetHints":{"allow":["GET"]}}],"collection":[{"href":"https:\/\/markacat.com\/en\/wp-json\/wp\/v2\/pages"}],"about":[{"href":"https:\/\/markacat.com\/en\/wp-json\/wp\/v2\/types\/page"}],"author":[{"embeddable":true,"href":"https:\/\/markacat.com\/en\/wp-json\/wp\/v2\/users\/1"}],"replies":[{"embeddable":true,"href":"https:\/\/markacat.com\/en\/wp-json\/wp\/v2\/comments?post=10857"}],"version-history":[{"count":75,"href":"https:\/\/markacat.com\/en\/wp-json\/wp\/v2\/pages\/10857\/revisions"}],"predecessor-version":[{"id":12644,"href":"https:\/\/markacat.com\/en\/wp-json\/wp\/v2\/pages\/10857\/revisions\/12644"}],"wp:attachment":[{"href":"https:\/\/markacat.com\/en\/wp-json\/wp\/v2\/media?parent=10857"}],"curies":[{"name":"wp","href":"https:\/\/api.w.org\/{rel}","templated":true}]}}